{"id":695,"date":"2019-11-25T19:30:13","date_gmt":"2019-11-25T19:30:13","guid":{"rendered":"http:\/\/san-sutic.hr\/?page_id=695"},"modified":"2020-04-02T16:45:48","modified_gmt":"2020-04-02T16:45:48","slug":"kolacici-cookies","status":"publish","type":"page","link":"https:\/\/san-sutic.hr\/en\/kolacici-cookies","title":{"rendered":"Cookies"},"content":{"rendered":"<div data-elementor-type=\"wp-page\" data-elementor-id=\"695\" class=\"elementor elementor-695\">\n\t\t\t\t\t\t<section class=\"elementor-section elementor-top-section elementor-element elementor-element-0d50bd7 elementor-section-boxed elementor-section-height-default elementor-section-height-default\" data-id=\"0d50bd7\" data-element_type=\"section\" data-settings=\"{&quot;background_background&quot;:&quot;classic&quot;}\">\n\t\t\t\t\t\t<div class=\"elementor-container elementor-column-gap-default\">\n\t\t\t\t\t<div class=\"elementor-column elementor-col-100 elementor-top-column elementor-element elementor-element-fdf66dc\" data-id=\"fdf66dc\" data-element_type=\"column\">\n\t\t\t<div class=\"elementor-widget-wrap elementor-element-populated\">\n\t\t\t\t\t\t<div class=\"elementor-element elementor-element-201d1fa elementor-widget elementor-widget-heading\" data-id=\"201d1fa\" data-element_type=\"widget\" data-widget_type=\"heading.default\">\n\t\t\t\t<div class=\"elementor-widget-container\">\n\t\t\t<h1 class=\"elementor-heading-title elementor-size-default\">Kola\u010di\u0107i pravila<\/h1>\t\t<\/div>\n\t\t\t\t<\/div>\n\t\t\t\t<div class=\"elementor-element elementor-element-8a2366f elementor-widget elementor-widget-heading\" data-id=\"8a2366f\" data-element_type=\"widget\" data-widget_type=\"heading.default\">\n\t\t\t\t<div class=\"elementor-widget-container\">\n\t\t\t<h2 class=\"elementor-heading-title elementor-size-default\">Cookies<\/h2>\t\t<\/div>\n\t\t\t\t<\/div>\n\t\t\t\t<div class=\"elementor-element elementor-element-387b342 elementor-widget elementor-widget-text-editor\" data-id=\"387b342\" data-element_type=\"widget\" data-widget_type=\"text-editor.default\">\n\t\t\t\t<div class=\"elementor-widget-container\">\n\t\t\t\t\t\t\t<p>Prema odredbama Europske unije od 25. o\u017eujka 2011. obvezni smo prije spremanja kola\u010di\u0107a zatra\u017eiti va\u0161 pristanak. Kori\u0161tenjem web stranice pristajete na uporabu kola\u010di\u0107a. Blokiranjem kola\u010di\u0107a i dalje mo\u017eete pregledavati stranicu, no neke njezine mogu\u0107nosti ne\u0107e Vam biti dostupne. Kola\u010di\u0107e koristimo u svrhu unapre\u0111enja i pravilnom radu funkcija na stranici.<\/p><p>\u0160to je to kola\u010di\u0107? (cookie)<br \/>Kola\u010di\u0107i su skup informacija koji Va\u0161 pretra\u017eiva\u010d spremi na Va\u0161em ure\u0111aju, svaki put kada stranicu posjetite. Spremaju se informacije poput tipa ure\u0111aja, rezolucija ekrana, lokacija, jezik, valuta i preferirane postavke stranice. Svakom posjetom, stranica se mo\u017ee koristiti kola\u010di\u0107ima kako bi sadr\u017eaj koji vidite bio prilago\u0111en Vama.<br \/><br \/>S obzirom na raspon razli\u010ditih funkcija i web stranica, kola\u010dki\u0107i tako\u0111er mogu spremiti privatne informacije kao \u0161to su Va\u0161e ime ili e-mail adresa i telefon, lokacija, adrese i sli\u010dno. Ova vrsta informacije se spremi samo ako Vi to dozvolite, jer bez Va\u0161eg pristanka, stranica ne\u0107e i nije u mogu\u0107nosti da pristupi kola\u010di\u0107ima ili informacijama spremljenje u njoj. Kola\u010di\u0107i mogu spremati \u0161irok raspon informacija uklju\u010duju\u0107i osobne informacije (kao \u0161to je Va\u0161e ime ili adresa e-po\u0161te). Ipak, ova informacija mo\u017ee biti spremljena jedino ako Vi to omogu\u0107ite &#8211; web stranice ne mogu dobiti pristup informacijama koji im niste odobrili. Tako\u0111er, nije mogu\u0107e vidjeti kakva je vrsta informacija uvijek u pitanju.<\/p><p>Ako \u017eelite isklju\u010diti spremanje kola\u010di\u0107a, obrisati ih ili onemogu\u0107iti, to mo\u017eete u\u010diniti na jednom od sljede\u0107ih ure\u0111aja.<\/p><ul><li><a href=\"https:\/\/www.google.com\/intl\/hr\/chrome\/browser\/\" target=\"_blank\" rel=\"nofollow noopener\">Chrome<\/a><\/li><li><a href=\"http:\/\/www.mozilla.org\/hr\/firefox\/new\/\" target=\"_blank\" rel=\"nofollow noopener\">Firefox<\/a><\/li><li><a href=\"http:\/\/windows.microsoft.com\/en-us\/internet-explorer\/download-ie\" target=\"_blank\" rel=\"nofollow noopener\">Internet Explorer 9<\/a><\/li><li><a href=\"http:\/\/www.microsoft.com\/en-us\/download\/internet-explorer-7-details.aspx\" target=\"_blank\" rel=\"nofollow noopener\">Internet Explorer 7 i 8<\/a><\/li><li><a href=\"http:\/\/www.opera.com\/computer\/windows\" target=\"_blank\" rel=\"nofollow noopener\">Opera<\/a><\/li><li><a href=\"http:\/\/www.apple.com\/safari\/\" target=\"_blank\" rel=\"nofollow noopener\">Safari<\/a><\/li><\/ul><p><br \/>Imajte na umu da ga\u0161enjem kola\u010di\u0107a, ne\u0107ete biti u stanju koristiti neke opcije na stranici san-sutic.hr<\/p><p><strong>Da li ova stranica (san-sutic.hr) koristi kola\u0107i\u0107e?<br \/><\/strong>Da, koristimo kola\u010di\u0107e u vi\u0161e svrha:<br \/>1) Stranica &#8211; drugim rje\u010dima, u pobolj\u0161anje Va\u0161eg iskustva na ovoj stranici, pru\u017eanjem boljih usluga, provjeravanje statistike stranice, na\u010din njezinog kori\u0161tenja. Ovo su informacije koje skupljaju detalje o ure\u0111ajima, lokacijama i vrsti operativnog sistema koji koristite.<br \/>2) Reklamno i statistika &#8211; kola\u010di\u0107i tre\u0107e strane za servise poput Facebook Pixel i Google Analytics. Facebook Pixel je povezan zbog pra\u0107enja aktivnosti sa dru\u0161tvene mre\u017ee kao i ako stupite u kontakt s nama preko integriranog Facebook messengera.<br \/>Google Analytics je za pra\u0107enje statistike na stranici i prikuplja informacije potrebne za prikazivanje brojki i statistike koja poma\u017ee u unapre\u0111enju na\u0161ih usluga kao i u svrhe preciznijeg ogla\u0161avanja.<\/p>\t\t\t\t\t\t<\/div>\n\t\t\t\t<\/div>\n\t\t\t\t\t<\/div>\n\t\t<\/div>\n\t\t\t\t\t<\/div>\n\t\t<\/section>\n\t\t\t\t<\/div>","protected":false},"excerpt":{"rendered":"<p>Kola\u010di\u0107i pravila Cookies Prema odredbama Europske unije od 25. o\u017eujka 2011. obvezni smo prije spremanja kola\u010di\u0107a zatra\u017eiti va\u0161 pristanak. Kori\u0161tenjem web stranice pristajete na uporabu kola\u010di\u0107a. Blokiranjem kola\u010di\u0107a i dalje mo\u017eete pregledavati stranicu, no neke njezine mogu\u0107nosti ne\u0107e Vam biti dostupne. Kola\u010di\u0107e koristimo u svrhu unapre\u0111enja i pravilnom radu funkcija na stranici. \u0160to je to [&hellip;]<\/p>","protected":false},"author":1,"featured_media":0,"parent":0,"menu_order":0,"comment_status":"closed","ping_status":"closed","template":"","meta":[],"yoast_head":"<!-- This site is optimized with the Yoast SEO plugin v19.14 - https:\/\/yoast.com\/wordpress\/plugins\/seo\/ -->\n<title>Kola\u010di\u0107i (Cookies) - San \u0160uti\u0107<\/title>\n<meta name=\"robots\" content=\"index, follow, max-snippet:-1, max-image-preview:large, max-video-preview:-1\" \/>\n<link rel=\"canonical\" href=\"https:\/\/san-sutic.hr\/en\/kolacici-cookies\/\" \/>\n<meta property=\"og:locale\" content=\"en_GB\" \/>\n<meta property=\"og:type\" content=\"article\" \/>\n<meta property=\"og:title\" content=\"Kola\u010di\u0107i (Cookies) - San \u0160uti\u0107\" \/>\n<meta property=\"og:description\" content=\"Kola\u010di\u0107i pravila Cookies Prema odredbama Europske unije od 25. o\u017eujka 2011. obvezni smo prije spremanja kola\u010di\u0107a zatra\u017eiti va\u0161 pristanak. Kori\u0161tenjem web stranice pristajete na uporabu kola\u010di\u0107a. Blokiranjem kola\u010di\u0107a i dalje mo\u017eete pregledavati stranicu, no neke njezine mogu\u0107nosti ne\u0107e Vam biti dostupne. Kola\u010di\u0107e koristimo u svrhu unapre\u0111enja i pravilnom radu funkcija na stranici. \u0160to je to [&hellip;]\" \/>\n<meta property=\"og:url\" content=\"https:\/\/san-sutic.hr\/en\/kolacici-cookies\/\" \/>\n<meta property=\"og:site_name\" content=\"San \u0160uti\u0107\" \/>\n<meta property=\"article:publisher\" content=\"https:\/\/www.facebook.com\/privatni.smjestaj.3\/\" \/>\n<meta property=\"article:modified_time\" content=\"2020-04-02T16:45:48+00:00\" \/>\n<meta name=\"twitter:card\" content=\"summary_large_image\" \/>\n<meta name=\"twitter:label1\" content=\"Estimated reading time\" \/>\n\t<meta name=\"twitter:data1\" content=\"2 minutes\" \/>\n<script type=\"application\/ld+json\" class=\"yoast-schema-graph\">{\"@context\":\"https:\/\/schema.org\",\"@graph\":[{\"@type\":\"WebPage\",\"@id\":\"https:\/\/san-sutic.hr\/kolacici-cookies\",\"url\":\"https:\/\/san-sutic.hr\/kolacici-cookies\",\"name\":\"Kola\u010di\u0107i (Cookies) - San \u0160uti\u0107\",\"isPartOf\":{\"@id\":\"https:\/\/san-sutic.hr\/#website\"},\"datePublished\":\"2019-11-25T19:30:13+00:00\",\"dateModified\":\"2020-04-02T16:45:48+00:00\",\"breadcrumb\":{\"@id\":\"https:\/\/san-sutic.hr\/kolacici-cookies#breadcrumb\"},\"inLanguage\":\"en-GB\",\"potentialAction\":[{\"@type\":\"ReadAction\",\"target\":[\"https:\/\/san-sutic.hr\/kolacici-cookies\"]}]},{\"@type\":\"BreadcrumbList\",\"@id\":\"https:\/\/san-sutic.hr\/kolacici-cookies#breadcrumb\",\"itemListElement\":[{\"@type\":\"ListItem\",\"position\":1,\"name\":\"Home\",\"item\":\"https:\/\/san-sutic.hr\/\"},{\"@type\":\"ListItem\",\"position\":2,\"name\":\"Kola\u010di\u0107i (Cookies)\"}]},{\"@type\":\"WebSite\",\"@id\":\"https:\/\/san-sutic.hr\/#website\",\"url\":\"https:\/\/san-sutic.hr\/\",\"name\":\"Villa \u0160uti\u0107\",\"description\":\"Promajna\",\"publisher\":{\"@id\":\"https:\/\/san-sutic.hr\/#organization\"},\"potentialAction\":[{\"@type\":\"SearchAction\",\"target\":{\"@type\":\"EntryPoint\",\"urlTemplate\":\"https:\/\/san-sutic.hr\/?s={search_term_string}\"},\"query-input\":\"required name=search_term_string\"}],\"inLanguage\":\"en-GB\"},{\"@type\":\"Organization\",\"@id\":\"https:\/\/san-sutic.hr\/#organization\",\"name\":\"San \u0160uti\u0107\",\"url\":\"https:\/\/san-sutic.hr\/\",\"logo\":{\"@type\":\"ImageObject\",\"inLanguage\":\"en-GB\",\"@id\":\"https:\/\/san-sutic.hr\/#\/schema\/logo\/image\/\",\"url\":\"https:\/\/san-sutic.hr\/wp-content\/uploads\/2020\/05\/SanSutic.png\",\"contentUrl\":\"https:\/\/san-sutic.hr\/wp-content\/uploads\/2020\/05\/SanSutic.png\",\"width\":229,\"height\":100,\"caption\":\"San \u0160uti\u0107\"},\"image\":{\"@id\":\"https:\/\/san-sutic.hr\/#\/schema\/logo\/image\/\"},\"sameAs\":[\"https:\/\/www.instagram.com\/villa_sutic\/\",\"https:\/\/www.facebook.com\/privatni.smjestaj.3\/\"]}]}<\/script>\n<!-- \/ Yoast SEO plugin. -->","yoast_head_json":{"title":"Kola\u010di\u0107i (Cookies) - San \u0160uti\u0107","robots":{"index":"index","follow":"follow","max-snippet":"max-snippet:-1","max-image-preview":"max-image-preview:large","max-video-preview":"max-video-preview:-1"},"canonical":"https:\/\/san-sutic.hr\/en\/kolacici-cookies\/","og_locale":"en_GB","og_type":"article","og_title":"Kola\u010di\u0107i (Cookies) - San \u0160uti\u0107","og_description":"Kola\u010di\u0107i pravila Cookies Prema odredbama Europske unije od 25. o\u017eujka 2011. obvezni smo prije spremanja kola\u010di\u0107a zatra\u017eiti va\u0161 pristanak. Kori\u0161tenjem web stranice pristajete na uporabu kola\u010di\u0107a. Blokiranjem kola\u010di\u0107a i dalje mo\u017eete pregledavati stranicu, no neke njezine mogu\u0107nosti ne\u0107e Vam biti dostupne. Kola\u010di\u0107e koristimo u svrhu unapre\u0111enja i pravilnom radu funkcija na stranici. \u0160to je to [&hellip;]","og_url":"https:\/\/san-sutic.hr\/en\/kolacici-cookies\/","og_site_name":"San \u0160uti\u0107","article_publisher":"https:\/\/www.facebook.com\/privatni.smjestaj.3\/","article_modified_time":"2020-04-02T16:45:48+00:00","twitter_card":"summary_large_image","twitter_misc":{"Estimated reading time":"2 minutes"},"schema":{"@context":"https:\/\/schema.org","@graph":[{"@type":"WebPage","@id":"https:\/\/san-sutic.hr\/kolacici-cookies","url":"https:\/\/san-sutic.hr\/kolacici-cookies","name":"Kola\u010di\u0107i (Cookies) - San \u0160uti\u0107","isPartOf":{"@id":"https:\/\/san-sutic.hr\/#website"},"datePublished":"2019-11-25T19:30:13+00:00","dateModified":"2020-04-02T16:45:48+00:00","breadcrumb":{"@id":"https:\/\/san-sutic.hr\/kolacici-cookies#breadcrumb"},"inLanguage":"en-GB","potentialAction":[{"@type":"ReadAction","target":["https:\/\/san-sutic.hr\/kolacici-cookies"]}]},{"@type":"BreadcrumbList","@id":"https:\/\/san-sutic.hr\/kolacici-cookies#breadcrumb","itemListElement":[{"@type":"ListItem","position":1,"name":"Home","item":"https:\/\/san-sutic.hr\/"},{"@type":"ListItem","position":2,"name":"Kola\u010di\u0107i (Cookies)"}]},{"@type":"WebSite","@id":"https:\/\/san-sutic.hr\/#website","url":"https:\/\/san-sutic.hr\/","name":"Villa \u0160uti\u0107","description":"Promajna","publisher":{"@id":"https:\/\/san-sutic.hr\/#organization"},"potentialAction":[{"@type":"SearchAction","target":{"@type":"EntryPoint","urlTemplate":"https:\/\/san-sutic.hr\/?s={search_term_string}"},"query-input":"required name=search_term_string"}],"inLanguage":"en-GB"},{"@type":"Organization","@id":"https:\/\/san-sutic.hr\/#organization","name":"San \u0160uti\u0107","url":"https:\/\/san-sutic.hr\/","logo":{"@type":"ImageObject","inLanguage":"en-GB","@id":"https:\/\/san-sutic.hr\/#\/schema\/logo\/image\/","url":"https:\/\/san-sutic.hr\/wp-content\/uploads\/2020\/05\/SanSutic.png","contentUrl":"https:\/\/san-sutic.hr\/wp-content\/uploads\/2020\/05\/SanSutic.png","width":229,"height":100,"caption":"San \u0160uti\u0107"},"image":{"@id":"https:\/\/san-sutic.hr\/#\/schema\/logo\/image\/"},"sameAs":["https:\/\/www.instagram.com\/villa_sutic\/","https:\/\/www.facebook.com\/privatni.smjestaj.3\/"]}]}},"_links":{"self":[{"href":"https:\/\/san-sutic.hr\/en\/wp-json\/wp\/v2\/pages\/695"}],"collection":[{"href":"https:\/\/san-sutic.hr\/en\/wp-json\/wp\/v2\/pages"}],"about":[{"href":"https:\/\/san-sutic.hr\/en\/wp-json\/wp\/v2\/types\/page"}],"author":[{"embeddable":true,"href":"https:\/\/san-sutic.hr\/en\/wp-json\/wp\/v2\/users\/1"}],"replies":[{"embeddable":true,"href":"https:\/\/san-sutic.hr\/en\/wp-json\/wp\/v2\/comments?post=695"}],"version-history":[{"count":4,"href":"https:\/\/san-sutic.hr\/en\/wp-json\/wp\/v2\/pages\/695\/revisions"}],"predecessor-version":[{"id":1870,"href":"https:\/\/san-sutic.hr\/en\/wp-json\/wp\/v2\/pages\/695\/revisions\/1870"}],"wp:attachment":[{"href":"https:\/\/san-sutic.hr\/en\/wp-json\/wp\/v2\/media?parent=695"}],"curies":[{"name":"wp","href":"https:\/\/api.w.org\/{rel}","templated":true}]}}